{"id":3375,"date":"2018-03-09T15:42:39","date_gmt":"2018-03-09T10:42:39","guid":{"rendered":"http:\/\/tashgiv.uz\/?page_id=3375"},"modified":"2026-02-24T14:05:52","modified_gmt":"2026-02-24T09:05:52","slug":"ilmiy-loyihalar","status":"publish","type":"page","link":"https:\/\/tsuos.uz\/en\/ilmiy-loyihalar\/","title":{"rendered":"Scientific projects"},"content":{"rendered":"<p><\/p>\n<p style=\"text-align: center;\"><span style=\"font-size: 18pt; color: #0000ff;\">INFORMATION ON INTERNATIONAL, FUNDAMENTAL, APPLIED, INNOVATIVE AND STARTUP RESEARCH PROJECTS CARRIED OUT AT TASHKENT STATE UNIVERSITY OF ORIENTAL STUDIES<\/span><\/p>\n<p style=\"text-align: center;\"><span style=\"font-size: 18pt; color: #0000ff;\">INFORMATION<\/span><\/p>\n<table>\n<tbody>\n<tr>\n<td width=\"176\">Project Number<\/td>\n<td width=\"274\">Project Title<\/td>\n<td width=\"173\">Project Duration<\/td>\n<\/tr>\n<tr>\n<td width=\"176\">AL-9224104589<\/p>\n<p>Applied project<\/td>\n<td width=\"274\">&#8220;Creating an electronic corpus of Turkic written monuments created in the 7th-11th centuries&#8221;<\/td>\n<td width=\"173\">In process<\/p>\n<p>Two years<\/p>\n<p>(2021\u02d72022\u02d7planned for)<\/td>\n<\/tr>\n<tr>\n<td width=\"176\">AL-9224104717<\/p>\n<p>Applied project<\/td>\n<td width=\"274\">&#8220;creation of the electronic platform mahmudzamahshariy.uz (publishing a catalog of manuscript copies of Mahmud Zamakhshari stored in world funds and a collection of selected works on socio-ethical issues)&#8221;<\/td>\n<td width=\"173\">In process<\/p>\n<p>Two years<\/p>\n<p>(2021\u02d72022\u02d7planned for)<\/td>\n<\/tr>\n<tr>\n<td width=\"176\">IL-9224094083<\/p>\n<p>Applied project<\/td>\n<td width=\"274\">\u201c3D Virtual Museum of Pottery and Cutlery: Creating an Opportunity for Innovative Education and Digital Preservation of Cultural Heritage\u201d<\/td>\n<td width=\"173\">In process<\/p>\n<p>Two years<\/p>\n<p>(2021\u02d72022\u02d7planned for)<\/td>\n<\/tr>\n<tr>\n<td width=\"176\">AL-7823051605<\/p>\n<p>Applied project<\/td>\n<td width=\"274\">\u201cDevelopment of an electronic textbook on \u2018Gender Relations in Eastern Countries <a href=\"https:\/\/tsuos.uz\/wp-content\/uploads\/2026\/02\/sharq-ayollari.uz_.pdf\">(100 Most Prominent Women of the East)\u2019<\/a>.\u201d<\/td>\n<td width=\"173\">One year<\/p>\n<p>(2025\u02d7planned for)<\/td>\n<\/tr>\n<tr>\n<td width=\"176\">AL-20240311<\/p>\n<p>Applied project<\/td>\n<td width=\"274\"><strong>A database of Turkic manuscripts preserved in European collections and not available in Uzbekistan<\/strong><\/p>\n<p>and\u00a0\u201cEuroturcologika.uz\u201d\u00a0electronic platform<\/p>\n<p><a href=\"https:\/\/yevroturkologika.uz\/\">https:\/\/yevroturkologika.uz\/<\/a><\/td>\n<td width=\"173\">\u00a0Two years<\/p>\n<p>(2021\u02d72022\u02d7planned for)<\/td>\n<\/tr>\n<tr>\n<td width=\"176\">According to the Resolution of the President of the Republic of Uzbekistan 2022-yil 6-iyuldagi \u2116 PQ-307-son Resolution Appendix 7<\/td>\n<td width=\"274\">\u201cDevelopment of a mobile history learning application for blind and visually impaired students in higher education institutions\u201d (#290)<\/td>\n<td width=\"173\">One year<\/p>\n<p>(2023\u02d7planned for)<\/td>\n<\/tr>\n<tr>\n<td width=\"176\">According to the Resolution of the President of the Republic of Uzbekistan 2022-yil 6-iyuldagi \u2116 PQ-307-son Resolution Appendix 7<\/td>\n<td width=\"274\">\u201c<a href=\"https:\/\/chinese.friendly.uz\/\">Chinese.friendly.uz\u00a0<\/a>mobile application development\u201d (#291) Within the framework of the project, the system is intended to present manuscripts in their original form, original language, transcription, and translation (or adapted version), along with audio narration. (mobile application download)<\/td>\n<td width=\"173\">One year<\/p>\n<p>(2023\u02d7planned for)<\/td>\n<\/tr>\n<tr>\n<td width=\"176\">According to the Resolution of the President of the Republic of Uzbekistan 2022-yil 6-iyuldagi \u2116 PQ-307-son Resolution Appendix 7<\/td>\n<td width=\"274\">\u201cAudiomanuscript platformasini development\u201d (#292)<\/p>\n<p>&nbsp;<\/p>\n<p><a href=\"https:\/\/t.me\/forsiy_manbalar\/333\">(mobile application download)<\/a><\/td>\n<td width=\"173\">One year<\/p>\n<p>(2023\u02d7planned for)<\/td>\n<\/tr>\n<tr>\n<td width=\"176\">Grant competition announced by the Ministry of Culture and Tourism of the Republic of T\u00fcrkiye<\/td>\n<td width=\"274\">\u201cDevelopment (preparation) of the Uzbek translation of Fuad K\u00f6pr\u00fcl\u00fc\u2019s work <em>\u2018Early Sufi Figures in Turkish Literature\u2019<\/em>.\u201d<\/td>\n<td width=\"173\">1000 copies publication belgilangan<\/td>\n<\/tr>\n<tr>\n<td width=\"176\">IL-5221091507<\/p>\n<p>Innovative project<\/td>\n<td width=\"274\">\u201cFactors and prospects of sustainable interconnectivity development between Central and South Asia (based on the initiatives of Uzbekistan).\u201d<\/td>\n<td width=\"173\">One year<\/p>\n<p>(2024\u02d7planned for)<\/td>\n<\/tr>\n<tr>\n<td width=\"176\">ALM-202403110247<\/p>\n<p>Applied project<\/td>\n<td width=\"274\">\u201cUtilization of local attributes to increase the ethnotourism potential of the Rishton, Chust, Yangiqo\u2018rg\u2018on, and Boysun districts.\u201d<\/td>\n<td width=\"173\">One year<\/p>\n<p>(2024\u02d7planned for)<\/td>\n<\/tr>\n<tr>\n<td width=\"176\">I-OT-2019-7<\/p>\n<p>Innovative project<\/td>\n<td width=\"274\">\u201cDevelopment and implementation of 3D-based interactive educational and methodological materials for general secondary schools (for the Grade 5 subject \u2018Literature\u2019).\u201d<\/td>\n<td width=\"173\">One year<\/p>\n<p>(2021\u02d7planned for)<\/td>\n<\/tr>\n<tr>\n<td width=\"176\">PZ-20170930393 Applied project<\/td>\n<td width=\"274\"><a href=\"https:\/\/tsuos.uz\/wp-content\/uploads\/2018\/03\/%C2%ABP3-20170930393-Alisher-Navoiyning-G%E2%80%98aroyib-us-sig%E2%80%98ar-devonidagi-g%E2%80%98azallarning-o%E2%80%98zbek-va-ingliz-tillarida-ilmiy-izoh-va-sharhlarini-yaratish-%C2%BB.doc\">\u201cPZ-20170930393 Preparation of scientific annotations and commentaries in Uzbek and English on the ghazals of Alisher Navoi\u2019s G\u2018aroyib us-sig\u2018ar divan.\u201d<\/a><\/td>\n<td width=\"173\">Two years<\/p>\n<p>(2021\u02d72020\u02d7planned for)<\/td>\n<\/tr>\n<tr>\n<td width=\"176\">PZ-20170928187<\/p>\n<p>Applied project<\/td>\n<td width=\"274\">\u201c<a href=\"https:\/\/tsuos.uz\/wp-content\/uploads\/2018\/03\/PZ-20170928187-%E2%80%9CMamlakat-iqtisodiy-xavfsizligini-va-raqobatbardoshligini-taminlash-mexanizmini-takomillashtirish-yo%E2%80%98llari%E2%80%9D.doc\">PZ-20170928187 Improvement of mechanisms for ensuring national economic security and competitiveness.\u201d<\/a><\/td>\n<td width=\"173\">One year<\/p>\n<p>(2021\u02d7planned for)<\/td>\n<\/tr>\n<tr>\n<td width=\"176\">PZ-20170929561<\/p>\n<p>Applied project<\/td>\n<td width=\"274\"><a href=\"https:\/\/tsuos.uz\/wp-content\/uploads\/2018\/03\/PZ-20170929561-%E2%80%9CYoshlarda-innovasion-tafakkurni-shakllantirish-va-milliy-g%E2%80%98oyaga-sodiqlik-ruhini-kuchaytirishda-manaviy-marifiy-targ%E2%80%98ibot-mexanizmlarini-takomillashtirish%E2%80%9D.docx\">\u201cPZ-20170929561 Enhancement of spiritual and educational outreach mechanisms for fostering innovative thinking among youth and strengthening their commitment to national values.\u201d<\/a><\/td>\n<td width=\"173\">One year<\/p>\n<p>(2021\u02d7planned for)<\/td>\n<\/tr>\n<tr>\n<td width=\"176\">ALM-202403110247<\/p>\n<p>Applied project<\/td>\n<td width=\"274\">\u201cDevelopment of 3D models of tourism routes for Buddhist monuments in the regions of the Republic of Uzbekistan.\u201d<\/td>\n<td width=\"173\">Two years<\/p>\n<p>(2020\u02d72022\u02d7planned for)<\/td>\n<\/tr>\n<tr>\n<td width=\"176\">OT-F1-69<\/p>\n<p>Fundamental project<\/td>\n<td width=\"274\">\u201cOT-F1-69 Comprehensive research of Khorezm literary sources preserved at the Institute of Oriental Manuscripts (St. Petersburg) and the Center for Oriental Manuscripts under the Tashkent State University of Oriental Studies.\u201d<\/td>\n<td width=\"173\">Three years<\/p>\n<p>(2017-2020-planned for)<\/td>\n<\/tr>\n<tr>\n<td width=\"176\">OT-F1-71<\/p>\n<p>Fundamental project<\/td>\n<td width=\"274\">\u201cEthnolinguistic situation in Central Asia during the early and medieval periods.\u201d<\/td>\n<td width=\"173\">Three years<\/p>\n<p>(2017-2020-planned for)<\/td>\n<\/tr>\n<tr>\n<td width=\"176\">OT-FT-67<\/p>\n<p>Fundamental project<\/td>\n<td width=\"274\"><a href=\"https:\/\/tsuos.uz\/wp-content\/uploads\/2018\/03\/OT-FT-67-Buyuk-ipak-yo%E2%80%98li-mintaqasi-xalqlari-folklorining-tipologiyasi-milliy-o%E2%80%98ziga-xosligi-va-yozma-adabiyot-rivojida-tutgan-o%E2%80%98rni%E2%80%9D.doc\">\u201cThe typology of the folklore of the peoples of the Silk Road region, its national specificity, and its role in the development of written literature.\u201d<\/a><\/td>\n<td width=\"173\">Three years<\/p>\n<p>(2017-2020-planned for)<\/td>\n<\/tr>\n<tr>\n<td width=\"176\">OT-A-1-36<\/p>\n<p>Fundamental project<\/td>\n<td width=\"274\"><a href=\"http:\/\/tsuos.uz\/ot-a-1-36-alisher-navoiyning-xamsa-dostonlari-asosida-chastotali-lugatlar-tuzish\/\">\u00a0\u201cCompilation of frequency dictionaries based on the epics of Alisher Navoi\u2019s <em>Khamsa<\/em>.\u201d <\/a><\/td>\n<td width=\"173\">2012-2016-fundamental research project<\/td>\n<\/tr>\n<tr>\n<td width=\"176\">&nbsp;<\/p>\n<p>OT-A1-38<\/p>\n<p>Fundamental project<\/td>\n<td width=\"274\"><a href=\"http:\/\/tsuos.uz\/ot-a-1-36-alisher-navoiyning-xamsa-dostonlari-asosida-chastotali-lugatlar-tuzish\/\">\u201cLiterature of the Mughal period based on sources in Hindi, Urdu, Turkic, and Persian languages.\u201d<\/a><\/td>\n<td width=\"173\">2012-2016-fundamental research project<\/td>\n<\/tr>\n<tr>\n<td width=\"176\">IOT-2016-1-15<\/p>\n<p>Innovative project<\/td>\n<td width=\"274\">\u00a0<a href=\"http:\/\/tsuos.uz\/iot-2016-1-15-tashqi-iqtisodiy-faoliyat-asoslari-nomli-elektron-darslik-tayyorlash\/\">\u201cDevelopment of an electronic textbook entitled Fundamentals of Foreign Economic Activity.\u201d<\/a><\/td>\n<td width=\"173\">2012-2016-fundamental research project<\/td>\n<\/tr>\n<tr>\n<td width=\"176\">A-1-191<\/td>\n<td width=\"274\"><a href=\"http:\/\/tsuos.uz\/a-1-191-xorijiy-tillardagi-tarixiy-asarlarning-ilmiy-tadqiqi-va-tanqidiy-tahlili-asosida-sharq-mamlakatlari-tarixiga-oid-zamonaviy-oquv-adabiyotlarini-yaratish\/\">\u201cDevelopment of contemporary educational literature on the history of Eastern countries based on scholarly research and critical analysis of historical sources in foreign languages.\u201d<\/a><\/td>\n<td width=\"173\">2012-2016-fundamental research project<\/td>\n<\/tr>\n<tr>\n<td width=\"176\">A-1-180<\/td>\n<td width=\"274\"><a href=\"http:\/\/tsuos.uz\/a-1-180-tarjima-va-madaniyatlararo-muloqot-masalalariga-oid-oquv-qollanmalari-yaratish\/\">\u201cDevelopment of teaching materials on issues of translation and intercultural communication.\u201d<\/a><\/td>\n<td width=\"173\">2012-2016-fundamental research project<\/td>\n<\/tr>\n<tr>\n<td width=\"176\">A-1-188<\/td>\n<td width=\"274\"><a href=\"http:\/\/tsuos.uz\/a-1-188-xorijiy-sharq-va-garb-davlatlari-ijtimoiy-siyosiy-rivojining-nazariy-va-amaliy-jihatlari-boyicha-zamonaviy-oquv-adabiyotlari-yaratish\/\">\u201cDevelopment of contemporary educational materials on the theoretical and practical aspects of socio-political development in Eastern and Western countries.\u201d<\/a><\/td>\n<td width=\"173\">2012-2016-fundamental research project<\/td>\n<\/tr>\n<tr>\n<td width=\"176\">F-1-135<\/td>\n<td width=\"274\"><a href=\"http:\/\/tsuos.uz\/f-1-135-alisher-navoiy-asarlarining-konkordansining-ilmiy-uslubiy-tadqiqi\/\">\u201cA scientific and methodological study of the concordance of Alisher Navoi\u2019s works.\u201d<\/a><\/td>\n<td width=\"173\">2012-2016-fundamental research project<\/td>\n<\/tr>\n<tr>\n<td width=\"176\">F-1-136<\/td>\n<td width=\"274\"><a href=\"http:\/\/tsuos.uz\/f-1-136-ilk-va-orta-asrlarda-yaratilgan-turkiy-hujjatlarning-ozbek-davlatchiligi-tarixidagi-orni-diplomatika-sfragistika-paleografiya-va-matn-interpretatsiyasi-m\/\">\u201cThe role of early and medieval Turkic documents in the history of Uzbek statehood, with particular reference to diplomatics, sphragistics, paleography, and text interpretation.\u201d<\/a><\/td>\n<td width=\"173\">2012-2016-fundamental research project<\/td>\n<\/tr>\n<tr>\n<td width=\"176\">F-1-139<\/td>\n<td width=\"274\"><a href=\"http:\/\/tsuos.uz\/f-1-139-sharq-xalqlari-adabiyoti-tarixi-va-janrlari-tipologiyasi\/\">\u00a0\u201cThe history of Eastern peoples\u2019 literature and the typology of literary genres.\u201d <\/a><\/td>\n<td width=\"173\">2012-2016-fundamental research project<\/td>\n<\/tr>\n<tr>\n<td width=\"176\">F-1-140<\/td>\n<td width=\"274\"><a href=\"http:\/\/tsuos.uz\/f-1-140-sharq-falsafasining-axloqiy-qadriyatlari-va-ularning-ozbekiston-manaviy-hayotidagi-orni-qolyozmalar-tarjimasi-va-tahlili-asosida\/\">\u00a0\u201cThe ethical values of Eastern philosophy and their role in the spiritual life of Uzbekistan, based on the translation and analysis of manuscripts.\u201d<\/a><\/td>\n<td width=\"173\">2012-2016-fundamental research project<\/td>\n<\/tr>\n<\/tbody>\n<\/table>\n<p>&nbsp;<\/p>\n<p>&nbsp;<\/p>\n<h3><span style=\"color: #0000ff;\"><strong><a style=\"color: #0000ff;\" href=\"https:\/\/tsuos.uz\/en\/loyihalar-arxiv\/\">Archive<\/a><\/strong><\/span><\/h3>\n<p><\/p>","protected":false},"excerpt":{"rendered":"<p>INFORMATION ON INTERNATIONAL, FUNDAMENTAL, APPLIED, INNOVATIVE AND STARTUP RESEARCH PROJECTS CARRIED OUT AT TASHKENT STATE UNIVERSITY OF ORIENTAL STUDIES INFORMATION Project Number Project Title Project Duration AL-9224104589 Applied project &#8220;Creating an electronic corpus of Turkic written monuments created in the 7th-11th centuries&#8221; In process Two years (2021\u02d72022\u02d7planned for) AL-9224104717 Applied project &#8220;creation of the electronic [&hellip;]<\/p>\n","protected":false},"author":2,"featured_media":0,"parent":0,"menu_order":0,"comment_status":"closed","ping_status":"closed","template":"","meta":{"footnotes":""},"class_list":["post-3375","page","type-page","status-publish","hentry"],"_links":{"self":[{"href":"https:\/\/tsuos.uz\/en\/wp-json\/wp\/v2\/pages\/3375","targetHints":{"allow":["GET"]}}],"collection":[{"href":"https:\/\/tsuos.uz\/en\/wp-json\/wp\/v2\/pages"}],"about":[{"href":"https:\/\/tsuos.uz\/en\/wp-json\/wp\/v2\/types\/page"}],"author":[{"embeddable":true,"href":"https:\/\/tsuos.uz\/en\/wp-json\/wp\/v2\/users\/2"}],"replies":[{"embeddable":true,"href":"https:\/\/tsuos.uz\/en\/wp-json\/wp\/v2\/comments?post=3375"}],"version-history":[{"count":61,"href":"https:\/\/tsuos.uz\/en\/wp-json\/wp\/v2\/pages\/3375\/revisions"}],"predecessor-version":[{"id":53507,"href":"https:\/\/tsuos.uz\/en\/wp-json\/wp\/v2\/pages\/3375\/revisions\/53507"}],"wp:attachment":[{"href":"https:\/\/tsuos.uz\/en\/wp-json\/wp\/v2\/media?parent=3375"}],"curies":[{"name":"wp","href":"https:\/\/api.w.org\/{rel}","templated":true}]}}