{"id":35357,"date":"2023-10-12T11:15:39","date_gmt":"2023-10-12T06:15:39","guid":{"rendered":"https:\/\/tsuos.uz\/?page_id=35357"},"modified":"2023-10-12T11:16:53","modified_gmt":"2023-10-12T06:16:53","slug":"lecture-to-hungarian-students","status":"publish","type":"page","link":"https:\/\/tsuos.uz\/en\/lecture-to-hungarian-students\/","title":{"rendered":"Lecture to Hungarian students"},"content":{"rendered":"<p><\/p>\n<p style=\"text-align: justify;\">At Tashkent State University of Oriental Studies, within the framework of the 4th direction \u201cQuality education\u201d and the 17th direction \u201cCooperation for sustainable development\u201d of the 17 UN Sustainable Development Goals, on October 3, 2023 Kasimjon Sadikov, Professor of Department of Classical Philology and Literary Source Studies, Doctor of Philology, \u201cHonored Youth Trainer in the Republic of Uzbekistan\u201d gave a lecture entitled \u201cChigatai Literature and its role in the History of Turkic Written Literature\u201d to Hungarian students in the framework of MOU with E\u00f6tv\u00f6s Lor\u00e1nd University. The students liked the lecture, and the students got answers to their questions.<\/p>\n<p style=\"text-align: justify;\"><a data-lightbox=\"post-image\" data-title=\"Lecture to Hungarian students\" title=\"Lecture to Hungarian students\" href=\"https:\/\/tsuos.uz\/wp-content\/uploads\/2023\/10\/photo_2023-10-12_11-16-22.jpg\"><img loading=\"lazy\" decoding=\"async\" class=\"aligncenter size-full wp-image-35361\" src=\"https:\/\/tsuos.uz\/wp-content\/uploads\/2023\/10\/photo_2023-10-12_11-16-22.jpg\" alt=\"photo_2023-10-12_11-16-22\" width=\"1200\" height=\"1200\" srcset=\"https:\/\/tsuos.uz\/wp-content\/uploads\/2023\/10\/photo_2023-10-12_11-16-22.jpg 1200w, https:\/\/tsuos.uz\/wp-content\/uploads\/2023\/10\/photo_2023-10-12_11-16-22-300x300.jpg 300w, https:\/\/tsuos.uz\/wp-content\/uploads\/2023\/10\/photo_2023-10-12_11-16-22-768x768.jpg 768w, https:\/\/tsuos.uz\/wp-content\/uploads\/2023\/10\/photo_2023-10-12_11-16-22-1024x1024.jpg 1024w, https:\/\/tsuos.uz\/wp-content\/uploads\/2023\/10\/photo_2023-10-12_11-16-22-57x57.jpg 57w\" sizes=\"auto, (max-width: 1200px) 100vw, 1200px\" \/><\/a><\/p>\n<p><\/p>","protected":false},"excerpt":{"rendered":"<p>At Tashkent State University of Oriental Studies, within the framework of the 4th direction \u201cQuality education\u201d and the 17th direction \u201cCooperation for sustainable development\u201d of the 17 UN Sustainable Development Goals, on October 3, 2023 Kasimjon Sadikov, Professor of Department of Classical Philology and Literary Source Studies, Doctor of Philology, \u201cHonored Youth Trainer in the [&hellip;]<\/p>\n","protected":false},"author":11,"featured_media":0,"parent":0,"menu_order":0,"comment_status":"closed","ping_status":"closed","template":"","meta":{"footnotes":""},"class_list":["post-35357","page","type-page","status-publish","hentry"],"_links":{"self":[{"href":"https:\/\/tsuos.uz\/en\/wp-json\/wp\/v2\/pages\/35357","targetHints":{"allow":["GET"]}}],"collection":[{"href":"https:\/\/tsuos.uz\/en\/wp-json\/wp\/v2\/pages"}],"about":[{"href":"https:\/\/tsuos.uz\/en\/wp-json\/wp\/v2\/types\/page"}],"author":[{"embeddable":true,"href":"https:\/\/tsuos.uz\/en\/wp-json\/wp\/v2\/users\/11"}],"replies":[{"embeddable":true,"href":"https:\/\/tsuos.uz\/en\/wp-json\/wp\/v2\/comments?post=35357"}],"version-history":[{"count":3,"href":"https:\/\/tsuos.uz\/en\/wp-json\/wp\/v2\/pages\/35357\/revisions"}],"predecessor-version":[{"id":35362,"href":"https:\/\/tsuos.uz\/en\/wp-json\/wp\/v2\/pages\/35357\/revisions\/35362"}],"wp:attachment":[{"href":"https:\/\/tsuos.uz\/en\/wp-json\/wp\/v2\/media?parent=35357"}],"curies":[{"name":"wp","href":"https:\/\/api.w.org\/{rel}","templated":true}]}}